{"id":3940,"date":"2021-12-06T17:52:59","date_gmt":"2021-12-06T16:52:59","guid":{"rendered":"https:\/\/www.abenteueralbanien.de\/?page_id=3940"},"modified":"2025-03-27T20:39:23","modified_gmt":"2025-03-27T19:39:23","slug":"grensdoorlaatposten-pieken-van-de-balkan","status":"publish","type":"page","link":"https:\/\/www.abenteueralbanien.de\/nl\/border-crossing-permits-peaks-of-the-balkans\/","title":{"rendered":"Grensovergangsvergunningen - Pieken van de Balkan"},"content":{"rendered":"<div class=\"fusion-fullwidth fullwidth-box fusion-builder-row-1 fusion-flex-container has-pattern-background has-mask-background nonhundred-percent-fullwidth non-hundred-percent-height-scrolling\" style=\"--awb-border-radius-top-left:0px;--awb-border-radius-top-right:0px;--awb-border-radius-bottom-right:0px;--awb-border-radius-bottom-left:0px;--awb-padding-bottom:45px;--awb-flex-wrap:wrap;\" ><div class=\"fusion-builder-row fusion-row fusion-flex-align-items-flex-start fusion-flex-content-wrap\" style=\"max-width:1248px;margin-left: calc(-4% \/ 2 );margin-right: calc(-4% \/ 2 );\"><div class=\"fusion-layout-column fusion_builder_column fusion-builder-column-0 fusion_builder_column_1_1 1_1 fusion-flex-column\" style=\"--awb-bg-size:cover;--awb-width-large:100%;--awb-margin-top-large:0px;--awb-spacing-right-large:1.92%;--awb-margin-bottom-large:20px;--awb-spacing-left-large:1.92%;--awb-width-medium:100%;--awb-order-medium:0;--awb-spacing-right-medium:1.92%;--awb-spacing-left-medium:1.92%;--awb-width-small:100%;--awb-order-small:0;--awb-spacing-right-small:1.92%;--awb-spacing-left-small:1.92%;\"><div class=\"fusion-column-wrapper fusion-column-has-shadow fusion-flex-justify-content-flex-start fusion-content-layout-column\"><nav class=\"fusion-breadcrumbs fusion-breadcrumbs-1\" style=\"--awb-breadcrumb-sep:&#039;&gt;&#039;;\" aria-label=\"Breadcrumb\"><ol class=\"awb-breadcrumb-list\"><li class=\"fusion-breadcrumb-item awb-breadcrumb-sep awb-home\" ><a href=\"https:\/\/www.abenteueralbanien.de\/nl\" class=\"fusion-breadcrumb-link\"><span >Home<\/span><\/a><\/li><\/ol><\/nav><div class=\"fusion-text fusion-text-1 fusion-text-no-margin\" style=\"--awb-text-transform:none;--awb-margin-bottom:30px;\"><p>Border crossing permits f\u00fcr Albanien, Kosovo und Montenegro. Mit unserem Formular kannst du gr\u00fcne Grenz\u00fcbertritte auf den Peaks of the Balkans beantragen.<\/p>\n<p>Der Peaks of the Balkans Trail verl\u00e4uft als Rundwanderung, bei der Sie die Grenze von Albanien zum Kosovo, dann nach Montenegro und schlie\u00dflich zur\u00fcck nach Albanien \u00fcberqueren, vorausgesetzt, Sie beginnen und enden in Albanien. Um die Grenzen der drei L\u00e4nder legal \u00fcberqueren zu k\u00f6nnen, muss eine Grenz\u00fcbertrittsgenehmigung beantragt werden. Damit Sie die Genehmigungen rechtzeitig erhalten, muss der Prozess mindestens 2 Wochen vor Beginn der Wanderung eingeleitet werden. Au\u00dferdem m\u00fcssen Sie beim Ausf\u00fcllen der Formulare die genauen Daten und die genaue Lage der Grenz\u00fcberg\u00e4nge kennen (die \u00f6rtliche Grenzstation verlangt diese Informationen von Reisenden).<\/p>\n<p>Kontrollen sind selten, trotzdem empfehlen wir unseren Reisenden die entsprechenden Genehmigungen mit sich zu f\u00fchren, denn wenn Sie doch ohne erwischt werden, kann das bis zu 300 EUR kosten. Um Ihre Reise so einfach und sorgenfrei wie m\u00f6glich zu gestalten, bieten wir Ihnen an, alle n\u00f6tigen Genehmigungen f\u00fcr Sie einzuholen. Die <strong>Geb\u00fchr<\/strong> daf\u00fcr betr\u00e4gt <strong>EUR 20 pro Person<\/strong>. F\u00fcr Gruppen ab 4 Personen bieten wir spezielle Konditionen an.<\/p>\n<p>Wenn Ihre Genehmigungen Grenz\u00fcbertritte nach Montenegro beinhalten, ist bei der Registrierung in Plav zus\u00e4tzlich eine Geb\u00fchr von 3 EUR\/Gruppe plus 2 EUR\/Person zu entrichten.<\/p>\n<\/div><div class=\"fusion-image-element \" style=\"text-align:center;--awb-caption-title-font-family:var(--h2_typography-font-family);--awb-caption-title-font-weight:var(--h2_typography-font-weight);--awb-caption-title-font-style:var(--h2_typography-font-style);--awb-caption-title-size:var(--h2_typography-font-size);--awb-caption-title-transform:var(--h2_typography-text-transform);--awb-caption-title-line-height:var(--h2_typography-line-height);--awb-caption-title-letter-spacing:var(--h2_typography-letter-spacing);\"><span class=\" fusion-imageframe imageframe-none imageframe-1 hover-type-none\"><img decoding=\"async\" width=\"800\" height=\"449\" alt=\"Abenteuer Albanien, beeindruckende Berge und alpine Natur, ideal f\u00fcr Wanderungen und Outdoor-Aktivit\u00e4ten in der unber\u00fchrten Landschaft.\" title=\"Border Crossings Permits for Peaks of the Balkans\" src=\"https:\/\/www.abenteueralbanien.de\/wp-content\/uploads\/2024\/02\/Peaks_of_the_Balkans_Border_Permits_800x449.webp\" data-orig-src=\"https:\/\/www.abenteueralbanien.de\/wp-content\/uploads\/2024\/02\/Peaks_of_the_Balkans_Border_Permits_800x449.webp\" class=\"lazyload img-responsive wp-image-12846\" srcset=\"data:image\/svg+xml,%3Csvg%20xmlns%3D%27http%3A%2F%2Fwww.w3.org%2F2000%2Fsvg%27%20width%3D%27800%27%20height%3D%27449%27%20viewBox%3D%270%200%20800%20449%27%3E%3Crect%20width%3D%27800%27%20height%3D%27449%27%20fill-opacity%3D%220%22%2F%3E%3C%2Fsvg%3E\" data-srcset=\"https:\/\/www.abenteueralbanien.de\/wp-content\/uploads\/2024\/02\/Peaks_of_the_Balkans_Border_Permits_800x449-200x112.webp 200w, https:\/\/www.abenteueralbanien.de\/wp-content\/uploads\/2024\/02\/Peaks_of_the_Balkans_Border_Permits_800x449-400x225.webp 400w, https:\/\/www.abenteueralbanien.de\/wp-content\/uploads\/2024\/02\/Peaks_of_the_Balkans_Border_Permits_800x449-600x337.webp 600w, https:\/\/www.abenteueralbanien.de\/wp-content\/uploads\/2024\/02\/Peaks_of_the_Balkans_Border_Permits_800x449.webp 800w\" data-sizes=\"auto\" data-orig-sizes=\"(max-width: 1024px) 100vw, (max-width: 640px) 100vw, 800px\" \/><\/span><\/div><div class=\"fusion-text fusion-text-2\" style=\"--awb-text-transform:none;--awb-margin-top:30px;\"><p>Ablauf:<\/p>\n<ul>\n<li>Bitte bewerben Sie sich mindestens 14* Tage vor Tourbeginn, das Antragsformular finden Sie etwas weiter unten.<\/li>\n<li>Geben Sie alle Daten an und laden Sie Ihr(e) Reisedokument(e) hoch.<\/li>\n<li>Laden Sie Pass-\/Ausweiskopien hoch, wenn Sie aus Albanien nach Montenegro oder in den Kosovo reisen.<\/li>\n<li>Wir melden uns bei Ihnen mit einem Zahlungslink, Sie schlie\u00dfen die Zahlung per PayPal.<\/li>\n<li>Sie erhalten eine Best\u00e4tigung per E-Mail, in der Regel innerhalb einer Woche.<\/li>\n<\/ul>\n<p>* Wenn weniger als 14 Tage verbleiben, werden wir unser Bestes tun, k\u00f6nnen aber keinen Erhalt vor der Abreise garantieren. Wir empfehlen Ihnen, sich trotzdem anzumelden, da Ihre Grenz\u00fcbertritte automatisch im elektronischen Grenzschutzsystem erfasst werden.<\/p>\n<p style=\"text-align: center;\"><span style=\"color: #ff6600;\">:: Aktuell leider nicht einzeln erh\u00e4ltlich, die Permits sind aber <span style=\"color: #014877;\"><a style=\"color: #014877;\" href=\"https:\/\/www.abenteueralbanien.de\/peaks-of-the-balkans-5-6-10-tage\/\">Teil unserer<\/a> <\/span><span style=\"color: #003366;\"><a style=\"color: #003366;\" href=\"https:\/\/www.abenteueralbanien.de\/peaks-of-the-balkans-5-6-10-tage\/\">Touren<\/a><\/span> ::<\/span><\/p>\n<\/div><div class=\"fusion-separator\" style=\"align-self: center;margin-left: auto;margin-right: auto;margin-top:35px;margin-bottom:35px;width:100%;max-width:25%;\"><div class=\"fusion-separator-border sep-single sep-solid\" style=\"--awb-height:20px;--awb-amount:20px;--awb-sep-color:#014877;border-color:#014877;border-top-width:1px;\"><\/div><\/div><div class=\"accordian fusion-accordian\" style=\"--awb-border-size:0px;--awb-icon-size:15px;--awb-content-font-size:16px;--awb-icon-alignment:left;--awb-hover-color:#f4f4f4;--awb-border-color:#f2f2f2;--awb-background-color:#f9f9f9;--awb-divider-color:#e0dede;--awb-divider-hover-color:#e0dede;--awb-icon-color:#333333;--awb-title-color:rgba(51,51,51,0.49);--awb-content-color:#333333;--awb-icon-box-color:#333333;--awb-toggle-hover-accent-color:#6666a4;--awb-title-font-family:&quot;Open Sans&quot;;--awb-title-font-weight:700;--awb-title-font-style:normal;--awb-title-font-size:18px;--awb-content-font-family:&quot;Open Sans&quot;;--awb-content-font-style:normal;--awb-content-font-weight:700;\"><div class=\"panel-group fusion-toggle-icon-unboxed\" id=\"accordion-3940-1\"><div class=\"fusion-panel panel-default panel-481f178e3b6e31e7f fusion-toggle-no-divider fusion-toggle-boxed-mode\" style=\"--awb-title-color:rgba(51,51,51,0.49);--awb-content-color:#333333;\"><div class=\"panel-heading\"><h4 class=\"panel-title toggle\" id=\"toggle_481f178e3b6e31e7f\"><a aria-expanded=\"false\" aria-controls=\"481f178e3b6e31e7f\" role=\"button\" data-toggle=\"collapse\" data-parent=\"#accordion-3940-1\" data-target=\"#481f178e3b6e31e7f\" href=\"#481f178e3b6e31e7f\"><span class=\"fusion-toggle-icon-wrapper\" aria-hidden=\"true\"><i class=\"fa-fusion-box active-icon awb-icon-minus\" aria-hidden=\"true\"><\/i><i class=\"fa-fusion-box inactive-icon awb-icon-plus\" aria-hidden=\"true\"><\/i><\/span><span class=\"fusion-toggle-heading\">Was muss ich tun?<\/span><\/a><\/h4><\/div><div id=\"481f178e3b6e31e7f\" class=\"panel-collapse collapse \" aria-labelledby=\"toggle_481f178e3b6e31e7f\"><div class=\"panel-body toggle-content fusion-clearfix\">\n<ul>\n<li>Geben Sie die Daten aller Grenz\u00fcbertritte sowie Ihrer Reisedokumente an.<\/li>\n<li>Laden Sie Ihr(e) Reisedokument(e), Pass bzw. biometrische(n) Ausweise hoch.<\/li>\n<li>Schlie\u00dfen Sie die Zahlung per PayPal oder \u00dcberweisung ab.<\/li>\n<li>Sie erhalten eine Best\u00e4tigung per E-Mail, in der Regel innerhalb von 7-10 Arbeitstagen.<\/li>\n<\/ul>\n<\/div><\/div><\/div><div class=\"fusion-panel panel-default panel-a80a8f4c2775d0aac fusion-toggle-no-divider fusion-toggle-boxed-mode\" style=\"--awb-title-color:rgba(51,51,51,0.49);--awb-content-color:#333333;\"><div class=\"panel-heading\"><h4 class=\"panel-title toggle\" id=\"toggle_a80a8f4c2775d0aac\"><a aria-expanded=\"false\" aria-controls=\"a80a8f4c2775d0aac\" role=\"button\" data-toggle=\"collapse\" data-parent=\"#accordion-3940-1\" data-target=\"#a80a8f4c2775d0aac\" href=\"#a80a8f4c2775d0aac\"><span class=\"fusion-toggle-icon-wrapper\" aria-hidden=\"true\"><i class=\"fa-fusion-box active-icon awb-icon-minus\" aria-hidden=\"true\"><\/i><i class=\"fa-fusion-box inactive-icon awb-icon-plus\" aria-hidden=\"true\"><\/i><\/span><span class=\"fusion-toggle-heading\">Was wird ben\u00f6tigt?<\/span><\/a><\/h4><\/div><div id=\"a80a8f4c2775d0aac\" class=\"panel-collapse collapse \" aria-labelledby=\"toggle_a80a8f4c2775d0aac\"><div class=\"panel-body toggle-content fusion-clearfix\">\n<ul>\n<li>G\u00fcltige Reisedokumente f\u00fcr alle Teilnehmer (mind. 3 weitere Monate nach geplantem Grenz\u00fcbertritt g\u00fcltig).<\/li>\n<li>PayPal-Konto<\/li>\n<\/ul>\n<\/div><\/div><\/div><div class=\"fusion-panel panel-default panel-c2424e720862aacfb fusion-toggle-no-divider fusion-toggle-boxed-mode\" style=\"--awb-title-color:rgba(51,51,51,0.49);--awb-content-color:#333333;\"><div class=\"panel-heading\"><h4 class=\"panel-title toggle\" id=\"toggle_c2424e720862aacfb\"><a aria-expanded=\"false\" aria-controls=\"c2424e720862aacfb\" role=\"button\" data-toggle=\"collapse\" data-parent=\"#accordion-3940-1\" data-target=\"#c2424e720862aacfb\" href=\"#c2424e720862aacfb\"><span class=\"fusion-toggle-icon-wrapper\" aria-hidden=\"true\"><i class=\"fa-fusion-box active-icon awb-icon-minus\" aria-hidden=\"true\"><\/i><i class=\"fa-fusion-box inactive-icon awb-icon-plus\" aria-hidden=\"true\"><\/i><\/span><span class=\"fusion-toggle-heading\">Zu beachten<\/span><\/a><\/h4><\/div><div id=\"c2424e720862aacfb\" class=\"panel-collapse collapse \" aria-labelledby=\"toggle_c2424e720862aacfb\"><div class=\"panel-body toggle-content fusion-clearfix\">\n<ul>\n<li>Eine Genehmigung ist nicht erforderlich, wenn Sie eine regul\u00e4re Grenzkontrollstelle passieren. Das System betrifft nur Wanderer und Radfahrer, die die &#8222;gr\u00fcnen Grenzen&#8220; in den Bergen \u00fcberqueren.<\/li>\n<li>Beantragen Sie die Genehmigung <strong>zwei bis acht Wochen<\/strong> vor dem Grenz\u00fcbertritt.<\/li>\n<li>Sie k\u00f6nnen einen Antrag f\u00fcr jeden beliebigen Start- und Endpunkt in Albanien, Montenegro und dem Kosovo stellen.<\/li>\n<li>F\u00fcr die folgenden Strecken, die nur \u00fcber die Grenze f\u00fchren, ist keine Anmeldung erforderlich:<br \/>\nValbona &#8211; Persllopit-Pass &#8211; Cerem<br \/>\nCerem &#8211; Doberdol<br \/>\nGrbaja-Tal (Start &amp; Ziel im selben Land innerhalb eines Tages)<\/li>\n<li>Die Termine sind fest. Die Polizei macht leider keine Ausnahmen, zeigt jedoch Verst\u00e4ndnis, wenn Wetter, Ersch\u00f6pfung, Krankheit oder Verlaufen des Weges dazu f\u00fchren, dass Sie den Pass zwei Tage fr\u00fcher\/sp\u00e4ter als das beantragte Datum passieren m\u00fcssen.<\/li>\n<li>Einmal eingereicht, kann der Antrag nicht mehr ge\u00e4ndert oder aktualisiert werden.<\/li>\n<li>Ihre Ausweisdokumente m\u00fcssen <strong>mindestens 3 Monate \u00fcber den letzten \u00dcbergang hinaus<\/strong> g\u00fcltig sein.<\/li>\n<li>F\u00fcr die Ausreise aus dem Kosovo ist ein biometrischer EU-Ausweis oder Ihr Reisepass erforderlich. Wir empfehlen generell die Verwendung von Reisep\u00e4ssen, um Probleme zu vermeiden.<\/li>\n<li>Minderj\u00e4hrige, die nicht in Begleitung eines Erziehungsberechtigten reisen, ben\u00f6tigen die schriftliche Erlaubnis eines Erziehungsberechtigten.<\/li>\n<\/ul>\n<\/div><\/div><\/div><\/div><\/div><\/div><\/div><\/div><\/div><div class=\"fusion-fullwidth fullwidth-box fusion-builder-row-2 fusion-flex-container nonhundred-percent-fullwidth non-hundred-percent-height-scrolling\" style=\"--awb-border-radius-top-left:0px;--awb-border-radius-top-right:0px;--awb-border-radius-bottom-right:0px;--awb-border-radius-bottom-left:0px;--awb-padding-top:30px;--awb-padding-right:30px;--awb-padding-bottom:30px;--awb-padding-left:30px;--awb-background-color:#f4f4f4;--awb-flex-wrap:wrap;\" ><div class=\"fusion-builder-row fusion-row fusion-flex-align-items-flex-start fusion-flex-content-wrap\" style=\"max-width:1248px;margin-left: calc(-4% \/ 2 );margin-right: calc(-4% \/ 2 );\"><div class=\"fusion-layout-column fusion_builder_column fusion-builder-column-1 fusion_builder_column_1_1 1_1 fusion-flex-column\" style=\"--awb-bg-size:cover;--awb-width-large:100%;--awb-margin-top-large:0px;--awb-spacing-right-large:1.92%;--awb-margin-bottom-large:20px;--awb-spacing-left-large:1.92%;--awb-width-medium:100%;--awb-order-medium:0;--awb-spacing-right-medium:1.92%;--awb-spacing-left-medium:1.92%;--awb-width-small:100%;--awb-order-small:0;--awb-spacing-right-small:1.92%;--awb-spacing-left-small:1.92%;\"><div class=\"fusion-column-wrapper fusion-column-has-shadow fusion-flex-justify-content-flex-start fusion-content-layout-column\"><div class=\"fusion-title title fusion-title-1 fusion-title-text fusion-title-size-two\" style=\"--awb-margin-top-small:0px;--awb-margin-right-small:0px;--awb-margin-bottom-small:20px;--awb-margin-left-small:0px;\"><div class=\"title-sep-container title-sep-container-left fusion-no-large-visibility fusion-no-medium-visibility fusion-no-small-visibility\"><div class=\"title-sep sep- sep-solid\" style=\"border-color:#e0dede;\"><\/div><\/div><span class=\"awb-title-spacer fusion-no-large-visibility fusion-no-medium-visibility fusion-no-small-visibility\"><\/span><h2 class=\"fusion-title-heading title-heading-left fusion-responsive-typography-calculated\" style=\"margin:0;--fontSize:28;line-height:1.57;\"><div class=\"form-header-group header-default\">\n<div class=\"header-text httal htvam\">\n<p id=\"header_133\" class=\"form-header\" data-component=\"header\">Border Permits Peaks of the Balkans Service<\/p>\n<\/div>\n<\/div><\/h2><span class=\"awb-title-spacer\"><\/span><div class=\"title-sep-container title-sep-container-right\"><div class=\"title-sep sep- sep-solid\" style=\"border-color:#e0dede;\"><\/div><\/div><\/div><div class=\"fusion-text fusion-text-3\" style=\"--awb-text-transform:none;\"><p>F\u00fcllen Sie das folgende Formular aus, um die n\u00f6tigen \u00dcbertrittsgenehmigungen der gr\u00fcnen Grenze zwischen Albanien, Kosovo und Montenegro zu erhalten.<\/p>\n<p><strong>Wichtig: <\/strong>Bereits \u00fcber uns <strong>registrierte Teilnehmer von gef\u00fchrten Touren<\/strong> &#8211; unbedingt den in den Kommentaren &#8222;Gef\u00fchrte Tour und [Startdatum]&#8220; einf\u00fcgen.<\/p>\n<\/div><div class=\"fusion-image-element \" style=\"--awb-caption-title-font-family:var(--h2_typography-font-family);--awb-caption-title-font-weight:var(--h2_typography-font-weight);--awb-caption-title-font-style:var(--h2_typography-font-style);--awb-caption-title-size:var(--h2_typography-font-size);--awb-caption-title-transform:var(--h2_typography-text-transform);--awb-caption-title-line-height:var(--h2_typography-line-height);--awb-caption-title-letter-spacing:var(--h2_typography-letter-spacing);\"><span class=\" fusion-imageframe imageframe-none imageframe-2 hover-type-none\"><img decoding=\"async\" width=\"1024\" height=\"722\" alt=\"Atemberaubende Berglandschaft in Albanien mit Wanderwegen, Gipfeln und malerischen Aussichtspunkten in den Balkangipfeln.\" title=\"Peaks-of-the-balkans-borders\" src=\"https:\/\/www.abenteueralbanien.de\/wp-content\/uploads\/2024\/03\/Peaks-of-the-balkans-borders.jpg\" data-orig-src=\"https:\/\/www.abenteueralbanien.de\/wp-content\/uploads\/2024\/03\/Peaks-of-the-balkans-borders-1024x722.jpg\" class=\"lazyload img-responsive wp-image-14237\" srcset=\"data:image\/svg+xml,%3Csvg%20xmlns%3D%27http%3A%2F%2Fwww.w3.org%2F2000%2Fsvg%27%20width%3D%272048%27%20height%3D%271444%27%20viewBox%3D%270%200%202048%201444%27%3E%3Crect%20width%3D%272048%27%20height%3D%271444%27%20fill-opacity%3D%220%22%2F%3E%3C%2Fsvg%3E\" data-srcset=\"https:\/\/www.abenteueralbanien.de\/wp-content\/uploads\/2024\/03\/Peaks-of-the-balkans-borders-200x141.jpg 200w, https:\/\/www.abenteueralbanien.de\/wp-content\/uploads\/2024\/03\/Peaks-of-the-balkans-borders-400x282.jpg 400w, https:\/\/www.abenteueralbanien.de\/wp-content\/uploads\/2024\/03\/Peaks-of-the-balkans-borders-600x423.jpg 600w, https:\/\/www.abenteueralbanien.de\/wp-content\/uploads\/2024\/03\/Peaks-of-the-balkans-borders-800x564.jpg 800w, https:\/\/www.abenteueralbanien.de\/wp-content\/uploads\/2024\/03\/Peaks-of-the-balkans-borders-1200x846.jpg 1200w\" data-sizes=\"auto\" data-orig-sizes=\"(max-width: 1024px) 100vw, (max-width: 640px) 100vw, 1200px\" \/><\/span><\/div><div class=\"fusion-text fusion-text-4\">    <section class=\"sc_fs_faq sc_card \">\n        <div>\n\t\t\t<h2>Was sind die Border Crossing Permits f\u00fcr die Peaks of the Balkans?<\/h2>            <div>\n\t\t\t\t                <p>\n\t\t\t\t\t Die Grenz\u00fcbertrittsgenehmigungen f\u00fcr die Peaks of the Balkans werden von den Polizeibeh\u00f6rden der drei L\u00e4nder Albanien, Kosovo und Montenegro ausgestellt. Montenegro stellt ein abgestempeltes Papier aus, der Kosovo eine E-Mail, w\u00e4hrend Albanien kein schriftliches Dokument ausstellt.                 <\/p>\n            <\/div>\n        <\/div>\n    <\/section>\n\n<script type=\"application\/ld+json\">\n    {\n\t\t\"@context\": \"https:\/\/schema.org\",\n\t\t\"@type\": \"FAQPage\",\n\t\t\"mainEntity\": [\n\t\t\t{\n\t\t\t\t\"@type\": \"Question\",\n\t\t\t\t\"name\": \"Was sind die Border Crossing Permits f\u00fcr die Peaks of the Balkans?\",\n\t\t\t\t\"acceptedAnswer\": {\n\t\t\t\t\t\"@type\": \"Answer\",\n\t\t\t\t\t\"text\": \"Die Grenz\u00fcbertrittsgenehmigungen f\u00fcr die Peaks of the Balkans werden von den Polizeibeh\u00f6rden der drei L\u00e4nder Albanien, Kosovo und Montenegro ausgestellt. Montenegro stellt ein abgestempeltes Papier aus, der Kosovo eine E-Mail, w\u00e4hrend Albanien kein schriftliches Dokument ausstellt.\"\n\t                                }\n          }\n        ]\n    }\n<\/script>\n\n<\/div><div class=\"fusion-text fusion-text-5\"><h2>Fragen &amp; Antworten<\/h2>\n<h3>Wann ist die beste Zeit, um die gr\u00fcne Grenze zu \u00fcberschreiten?<\/h3>\n<p>Die beste Zeit, um die Peaks of the Balkans-Route (und andere Routen, die \u00fcber hohe Bergp\u00e4sse auf dem Balkan f\u00fchren) zu wandern, ist von Mitte Juni bis Ende September. Stell dich darauf ein, dass es viel Schnee gibt und dass die Unterk\u00fcnfte geschlossen sind, wenn du fr\u00fcher oder sp\u00e4ter aufbrichst.<br \/>\nSolltest du fr\u00fcher aufbrechen, bereite dich entsprechend mit der richtigen Ausr\u00fcstung vor und z\u00f6gere nicht, bei Bedarf einen einheimischen Bergf\u00fchrer mitzunehmen.<\/p>\n<p>Erkundige dich immer bei den Einheimischen vor Ort nach den aktuellen Schneeverh\u00e4ltnissen auf dem Weg. Rechne in H\u00f6henlagen \u00fcber 1800 m bis Ende Juni mit Schnee (vor allem an den Nordh\u00e4ngen). Die Hirtensiedlung in Doberdol und Milishevc ist am k\u00fcrzesten besetzt, die Einheimischen kommen und gehen je nach Wetterlage fr\u00fcher oder sp\u00e4ter. Erkundige dich unbedingt vor deiner Abreise nach der Situation.<\/p>\n<h3>Warum\/wann brauche ich eine Genehmigung?<\/h3>\n<p>F\u00fcr die regul\u00e4ren Grenz\u00fcberg\u00e4nge an Flugh\u00e4fen und Stra\u00dfen\u00fcberg\u00e4ngen ist keine Genehmigung erforderlich. Da es an der gr\u00fcnen Grenze in den Bergen keine permanente Grenzkontrolle gibt, um deine Ein- und Ausreise zu registrieren, werden Genehmigungen verwendet, um digitale Eing\u00e4nge in das Grenz\u00fcbergangssystem einzuf\u00fcgen. Wenn du keine Genehmigung erh\u00e4ltst, kann es zu Problemen mit Grenzpatrouillen oder zu Problemen an den Flugh\u00e4fen\/Grenz\u00fcberg\u00e4ngen kommen, wenn keine legale Einreise ins Land festgestellt wird.<\/p>\n<h3>Wie viele Genehmigungen ben\u00f6tige ich?<\/h3>\n<p>F\u00fcr jeden &#8222;permanenten&#8220; Grenz\u00fcbertritt ist eine Genehmigung erforderlich. Um den gesamten Peaks of the Balkans Trail zu absolvieren, sind nur drei Genehmigungen erforderlich. Wenn du die Grenze nur \u00fcberquerst, ohne sie &#8222;dauerhaft&#8220; zu \u00fcberschreiten (l\u00e4ngerer Aufenthalt oder \u00dcbernachtung), ist keine Genehmigung erforderlich. Das gilt zum Beispiel f\u00fcr die folgenden Routen:<\/p>\n<p>Valbona &#8211; Cerem: \u00fcber den Persllopit und den Bor-Pass<br \/>\nCerem &#8211; Doberdol<\/p>\n<h3>Sind die Termine flexibel?<\/h3>\n<p>Die Polizei verlangt ein festes Datum, keine Ausnahmen. Plane im Voraus und versuche, deine Termine einzuhalten. Wanderer, die einen oder zwei Tage zu sp\u00e4t oder zu fr\u00fch dran waren, z. B. wegen schlechter Wetterbedingungen, Verlassen des Weges, Ersch\u00f6pfung und \u00e4hnlichen Ereignissen, hatten nie Probleme und die Polizei zeigte Verst\u00e4ndnis.<\/p>\n<p>Bitte beachte: Dies ist kein Rechtsrat, wenn du weitere Fragen hast, wende dich bitte direkt an die Polizei. Weder Abenteuer Albanien noch einer seiner Mitarbeiter kann f\u00fcr eventuelle rechtliche Probleme verantwortlich gemacht werden.<\/p>\n<h3>Ich bin unter 18 Jahre alt und reise allein?<\/h3>\n<p>Wenn du unter 18 Jahre alt bist und nicht mit einem festen Familienmitglied reist, ben\u00f6tigt die Polizei die schriftliche Zustimmung deines Erziehungsberechtigten in englischer Sprache.<\/p>\n<h3>Warum verlangt die montenegrinische Polizei eine Geb\u00fchr?<\/h3>\n<p>In einem gegenseitigen Abkommen haben alle drei L\u00e4nder eine Vereinbarung unterzeichnet, in der sie sich verpflichten, Antr\u00e4ge kostenlos zu bearbeiten. Montenegro h\u00e4lt sich nicht an diese Vereinbarung und verlangt nun eine Geb\u00fchr. Das ist nicht in Ordnung und wir empfehlen dir, der montenegrinischen Tourismusorganisation zu schreiben und sie dar\u00fcber zu informieren info@montenegro.travel<\/p>\n<h3>Kann ich die Genehmigungen in Ihrem B\u00fcro abholen?<\/h3>\n<p>Die Genehmigungen werden per E-Mail als PDF-Dateien verschickt. Wir haben kein eigenes B\u00fcro, um Besucher zu empfangen.<\/p>\n<h3>Kann ich eine Genehmigung beantragen, indem ich Ihnen eine E-Mail \/ einen Brief etc. schicke?<\/h3>\n<p>Nein, die einzige M\u00f6glichkeit, einen Antrag zu stellen, ist das Ausf\u00fcllen des Formulars auf dieser Website.<\/p>\n<h3>Kontrolliert die Polizei wirklich die Genehmigungen?<\/h3>\n<p>W\u00e4hrend die albanische Polizei alle Besucher freudig begr\u00fc\u00dft, sind die Nachbarn im Kosovo strenger und f\u00fchren regelm\u00e4\u00dfige Kontrollen und Patrouillen durch, besonders im Rugova-Tal, wo die Grenze zu Montenegro umstritten ist. Montenegrinische Grenzsch\u00fctzer und Nationalparkw\u00e4chter sind in ihren Land Rover Defender \/ Lada Niva auf Patrouille, vor allem in der Gegend um <a href=\"https:\/\/maps.app.goo.gl\/rDeHDCuSsNTEoVUi9\" target=\"_blank\" rel=\"noopener\">Babino Polje<\/a> und Vusanje.<\/p>\n<p>In Plav gibt es auch eine gro\u00dfe Polizeistation. Denke daran, dass voll ausger\u00fcstete Wanderer in den Stra\u00dfen dieser kleinen Stadt nicht unauff\u00e4llig sind. Wir haben vereinzelt R\u00fcckmeldungen von Wanderern ohne Erlaubnis erhalten, die gebeten wurden, &#8222;Bakschisch&#8220; zu zahlen, um \u00c4rger zu vermeiden. Wir empfehlen, sich die Genehmigungen zu besorgen, um einen sorgenfreien Urlaub zu verbringen.<\/p>\n<h3>Ist es m\u00f6glich, sie einfach unterwegs \/ kurzfristig zu besorgen?<\/h3>\n<p>Nein, das ist leider nicht m\u00f6glich. Die Polizei bearbeitet die Genehmigungen von Montag bis Freitag und braucht ein paar Arbeitstage, um sie zu best\u00e4tigen. Auch wir brauchen einige Zeit, um zwischen dir und den Beh\u00f6rden zu vermitteln.<\/p>\n<\/div><\/div><\/div><\/div><\/div>\n","protected":false},"excerpt":{"rendered":"","protected":false},"author":1,"featured_media":12615,"parent":0,"menu_order":0,"comment_status":"closed","ping_status":"closed","template":"","meta":{"footnotes":""},"class_list":["post-3940","page","type-page","status-publish","has-post-thumbnail","hentry"],"_links":{"self":[{"href":"https:\/\/www.abenteueralbanien.de\/nl\/wp-json\/wp\/v2\/pages\/3940","targetHints":{"allow":["GET"]}}],"collection":[{"href":"https:\/\/www.abenteueralbanien.de\/nl\/wp-json\/wp\/v2\/pages"}],"about":[{"href":"https:\/\/www.abenteueralbanien.de\/nl\/wp-json\/wp\/v2\/types\/page"}],"author":[{"embeddable":true,"href":"https:\/\/www.abenteueralbanien.de\/nl\/wp-json\/wp\/v2\/users\/1"}],"replies":[{"embeddable":true,"href":"https:\/\/www.abenteueralbanien.de\/nl\/wp-json\/wp\/v2\/comments?post=3940"}],"version-history":[{"count":0,"href":"https:\/\/www.abenteueralbanien.de\/nl\/wp-json\/wp\/v2\/pages\/3940\/revisions"}],"wp:featuredmedia":[{"embeddable":true,"href":"https:\/\/www.abenteueralbanien.de\/nl\/wp-json\/wp\/v2\/media\/12615"}],"wp:attachment":[{"href":"https:\/\/www.abenteueralbanien.de\/nl\/wp-json\/wp\/v2\/media?parent=3940"}],"curies":[{"name":"wp","href":"https:\/\/api.w.org\/{rel}","templated":true}]}}